{"id":76,"date":"2023-07-30T20:00:33","date_gmt":"2023-07-30T20:00:33","guid":{"rendered":"https:\/\/dielfe.kiri.ar\/?page_id=76"},"modified":"2024-09-03T09:44:13","modified_gmt":"2024-09-03T12:44:13","slug":"garantia","status":"publish","type":"page","link":"https:\/\/dielfe.com.ar\/en\/garantia\/","title":{"rendered":"Warranty"},"content":{"rendered":"<div data-elementor-type=\"wp-page\" data-elementor-id=\"76\" class=\"elementor elementor-76\" data-elementor-post-type=\"page\">\n\t\t\t\t\t\t<section class=\"elementor-section elementor-top-section elementor-element elementor-element-283f415 elementor-section-boxed elementor-section-height-default elementor-section-height-default\" data-id=\"283f415\" data-element_type=\"section\">\n\t\t\t\t\t\t<div class=\"elementor-container elementor-column-gap-extended\">\n\t\t\t\t\t<div class=\"elementor-column elementor-col-33 elementor-top-column elementor-element elementor-element-ccb4bb9\" data-id=\"ccb4bb9\" data-element_type=\"column\">\n\t\t\t<div class=\"elementor-widget-wrap elementor-element-populated\">\n\t\t\t\t\t\t<div class=\"elementor-element elementor-element-65afc4c elementor-widget elementor-widget-image\" data-id=\"65afc4c\" data-element_type=\"widget\" data-widget_type=\"image.default\">\n\t\t\t\t<div class=\"elementor-widget-container\">\n\t\t\t\t\t\t\t\t\t\t\t\t\t\t\t<img fetchpriority=\"high\" decoding=\"async\" width=\"247\" height=\"204\" src=\"https:\/\/dielfe.com.ar\/wp-content\/uploads\/2023\/07\/descarga.png\" class=\"attachment-large size-large wp-image-8183\" alt=\"\" \/>\t\t\t\t\t\t\t\t\t\t\t\t\t\t\t<\/div>\n\t\t\t\t<\/div>\n\t\t\t\t\t<\/div>\n\t\t<\/div>\n\t\t\t\t<div class=\"elementor-column elementor-col-66 elementor-top-column elementor-element elementor-element-a9de049\" data-id=\"a9de049\" data-element_type=\"column\">\n\t\t\t<div class=\"elementor-widget-wrap elementor-element-populated\">\n\t\t\t\t\t\t<div class=\"elementor-element elementor-element-4b016f5 elementor-widget elementor-widget-heading\" data-id=\"4b016f5\" data-element_type=\"widget\" data-widget_type=\"heading.default\">\n\t\t\t\t<div class=\"elementor-widget-container\">\n\t\t\t\t\t<h2 class=\"elementor-heading-title elementor-size-default\">Active la garant\u00eda de su mueble.<\/h2>\t\t\t\t<\/div>\n\t\t\t\t<\/div>\n\t\t\t\t<div class=\"elementor-element elementor-element-6704752 elementor-widget elementor-widget-text-editor\" data-id=\"6704752\" data-element_type=\"widget\" data-widget_type=\"text-editor.default\">\n\t\t\t\t<div class=\"elementor-widget-container\">\n\t\t\t\t\t\t\t\t\t<p>Lea atentamente el siguiente texto y luego complete el formulario.<\/p>\t\t\t\t\t\t\t\t<\/div>\n\t\t\t\t<\/div>\n\t\t\t\t\t<\/div>\n\t\t<\/div>\n\t\t\t\t\t<\/div>\n\t\t<\/section>\n\t\t\t\t<section class=\"elementor-section elementor-top-section elementor-element elementor-element-4c54e7b0 elementor-section-boxed elementor-section-height-default elementor-section-height-default\" data-id=\"4c54e7b0\" data-element_type=\"section\">\n\t\t\t\t\t\t<div class=\"elementor-container elementor-column-gap-wide\">\n\t\t\t\t\t<div class=\"elementor-column elementor-col-50 elementor-top-column elementor-element elementor-element-56698653\" data-id=\"56698653\" data-element_type=\"column\">\n\t\t\t<div class=\"elementor-widget-wrap elementor-element-populated\">\n\t\t\t\t\t\t<div class=\"elementor-element elementor-element-2d529cdc elementor-widget elementor-widget-text-editor\" data-id=\"2d529cdc\" data-element_type=\"widget\" data-widget_type=\"text-editor.default\">\n\t\t\t\t<div class=\"elementor-widget-container\">\n\t\t\t\t\t\t\t\t\t<p>\u00a0<\/p><p>Apreciado Cliente, Le agradecemos su confianza al adquirir este producto Dielfe y esperamos que est\u00e9 satisfecho con su compra. En caso de que \u00e9ste producto presente alg\u00fan defecto de fabricaci\u00f3n en alguna de sus partes o piezas durante el per\u00edodo de garant\u00eda, p\u00f3ngase en contacto con el comercio donde lo adquiri\u00f3.<\/p><h3>SU GARANT\u00cdA<\/h3><p>Esta garant\u00eda es aplicable a su producto Dielfe si consta en la documentaci\u00f3n que le acompa\u00f1a que fue adquirido dentro de la zona de cobertura de la garant\u00eda. Mediante esta garant\u00eda comercial, Dielfe garantiza este producto contra posibles defectos de material y mano de obra durante un per\u00edodo de 1 (UNO) A\u00d1O a partir de la fecha original de compra. Esta garant\u00eda no afecta a los derechos legales del consumidor y usuario, los cuales son independientes y compatibles con la garant\u00eda comercial. Si durante este per\u00edodo de garant\u00eda el producto (en la fecha original de compra) tuviera defectos de materiales o mano de obra, Dielfe sustituir\u00e1 (a su discreci\u00f3n) el producto o sus piezas defectuosas, en las condiciones que se especifican a continuaci\u00f3n y sin ning\u00fan cargo por mano de obra o piezas. Dielfe podr\u00e1 reemplazar el\/los componentes defectuosos por otros nuevos o reciclar los mismos. Todos los componentes reemplazados son propiedad de Dielfe.<\/p><h3>CONDICIONES<\/h3><p>1. Esta garant\u00eda tendr\u00e1 validez solamente cuando se presente con la factura original o comprobante de compra (indicando la fecha de compra, modelo y el nombre del comercio) junto con el producto defectuoso durante el periodo que cubre la garant\u00eda. Dielfe se reserva el derecho a no ofrecer el servicio de garant\u00eda gratuito si no se presentan los documentos indicados o si la informaci\u00f3n que los mismos contienen es incompleta o ilegible. Esta garant\u00eda no ser\u00e1 de aplicaci\u00f3n si el nombre del modelo del producto ha sido alterado, borrado, ha desaparecido o resulta ilegible.<\/p><p>2. Esta garant\u00eda no cubre ninguno de los supuestos siguientes:<\/p><p>a) Mantenimiento peri\u00f3dico y reparaci\u00f3n o sustituci\u00f3n de piezas derivado del uso y desgaste normales.<\/p><p>b) Da\u00f1os o defectos derivados del uso, funcionamiento o tratamiento del producto indebidos y no por causa de un uso normal del producto.<\/p><h3>EXCEPCIONES Y LIMITACIONES<\/h3><p>La \u00fanica obligaci\u00f3n por parte de Dielfe en relaci\u00f3n con esta garant\u00eda es reparar o sustituir los productos sujetos a los t\u00e9rminos y condiciones de esta garant\u00eda. Dielfe no es responsable de la p\u00e9rdida o da\u00f1o de productos, incluyendo p\u00e9rdida econ\u00f3mica o da\u00f1os no evaluables; el precio pagado por el producto; p\u00e9rdida de beneficios, usufructo o utilizaci\u00f3n del producto o de productos asociados o p\u00e9rdida o da\u00f1os indirectos, accidentales o cr\u00edticos.<\/p><h3>SUS DERECHOS RESERVADOS<\/h3><p>Los consumidores tienen derechos legales (estatuarios) bajo las leyes nacionales vigentes con relaci\u00f3n a la venta de productos de consumo. Esta garant\u00eda no afecta sus derechos estatutarios ni los derechos no excluibles ni limitables, ni los derechos de la persona a quien le compr\u00f3 el producto. Puede hacer valer cualquiera de sus derechos seg\u00fan lo crea conveniente.<\/p>\t\t\t\t\t\t\t\t<\/div>\n\t\t\t\t<\/div>\n\t\t\t\t\t<\/div>\n\t\t<\/div>\n\t\t\t\t<div class=\"elementor-column elementor-col-50 elementor-top-column elementor-element elementor-element-2e4d6a29\" data-id=\"2e4d6a29\" data-element_type=\"column\" data-settings=\"{&quot;background_background&quot;:&quot;classic&quot;}\">\n\t\t\t<div class=\"elementor-widget-wrap elementor-element-populated\">\n\t\t\t\t\t\t<div class=\"elementor-element elementor-element-60cfea2f elementor-widget-divider--view-line elementor-widget elementor-widget-divider\" data-id=\"60cfea2f\" data-element_type=\"widget\" data-widget_type=\"divider.default\">\n\t\t\t\t<div class=\"elementor-widget-container\">\n\t\t\t\t\t\t\t<div class=\"elementor-divider\">\n\t\t\t<span class=\"elementor-divider-separator\">\n\t\t\t\t\t\t<\/span>\n\t\t<\/div>\n\t\t\t\t\t\t<\/div>\n\t\t\t\t<\/div>\n\t\t\t\t<div class=\"elementor-element elementor-element-38a1b98e elementor-widget elementor-widget-heading\" data-id=\"38a1b98e\" data-element_type=\"widget\" data-widget_type=\"heading.default\">\n\t\t\t\t<div class=\"elementor-widget-container\">\n\t\t\t\t\t<h2 class=\"elementor-heading-title elementor-size-default\">POR FAVOR COMPLETE LOS SIGUIENTES DATOS Y LUEGO HAGA CLICK EN EL BOT\u00d3N ENVIAR<\/h2>\t\t\t\t<\/div>\n\t\t\t\t<\/div>\n\t\t\t\t<div class=\"elementor-element elementor-element-70b85e77 elementor-widget-divider--view-line elementor-widget elementor-widget-divider\" data-id=\"70b85e77\" data-element_type=\"widget\" data-widget_type=\"divider.default\">\n\t\t\t\t<div class=\"elementor-widget-container\">\n\t\t\t\t\t\t\t<div class=\"elementor-divider\">\n\t\t\t<span class=\"elementor-divider-separator\">\n\t\t\t\t\t\t<\/span>\n\t\t<\/div>\n\t\t\t\t\t\t<\/div>\n\t\t\t\t<\/div>\n\t\t\t\t<div class=\"elementor-element elementor-element-16c4b151 elementor-button-align-stretch elementor-widget elementor-widget-form\" data-id=\"16c4b151\" data-element_type=\"widget\" data-settings=\"{&quot;step_next_label&quot;:&quot;Next&quot;,&quot;step_previous_label&quot;:&quot;Previous&quot;,&quot;button_width&quot;:&quot;100&quot;,&quot;step_type&quot;:&quot;number_text&quot;,&quot;step_icon_shape&quot;:&quot;circle&quot;}\" data-widget_type=\"form.default\">\n\t\t\t\t<div class=\"elementor-widget-container\">\n\t\t\t\t\t\t\t<form class=\"elementor-form\" method=\"post\" name=\"New Form\" action=\"\">\n\t\t\t<input type=\"hidden\" name=\"post_id\" value=\"76\"\/>\n\t\t\t<input type=\"hidden\" name=\"form_id\" value=\"16c4b151\"\/>\n\t\t\t<input type=\"hidden\" name=\"referer_title\" value=\"Garantia\" \/>\n\n\t\t\t\t\t\t\t<input type=\"hidden\" name=\"queried_id\" value=\"76\"\/>\n\t\t\t\n\t\t\t<div class=\"elementor-form-fields-wrapper elementor-labels-above\">\n\t\t\t\t\t\t\t\t<div class=\"elementor-field-type-text elementor-field-group elementor-column elementor-field-group-message elementor-col-33 elementor-field-required\">\n\t\t\t\t\t\t\t\t\t\t\t\t<label for=\"form-field-message\" class=\"elementor-field-label\">\n\t\t\t\t\t\t\t\tProducto\t\t\t\t\t\t\t<\/label>\n\t\t\t\t\t\t\t\t\t\t\t\t\t\t<input size=\"1\" type=\"text\" name=\"form_fields[message]\" id=\"form-field-message\" class=\"elementor-field elementor-size-sm  elementor-field-textual\" required=\"required\">\n\t\t\t\t\t\t\t\t\t\t\t<\/div>\n\t\t\t\t\t\t\t\t<div class=\"elementor-field-type-text elementor-field-group elementor-column elementor-field-group-field_1383f13 elementor-col-33 elementor-field-required\">\n\t\t\t\t\t\t\t\t\t\t\t\t<label for=\"form-field-field_1383f13\" class=\"elementor-field-label\">\n\t\t\t\t\t\t\t\tLote\t\t\t\t\t\t\t<\/label>\n\t\t\t\t\t\t\t\t\t\t\t\t\t\t<input size=\"1\" type=\"text\" name=\"form_fields[field_1383f13]\" id=\"form-field-field_1383f13\" class=\"elementor-field elementor-size-sm  elementor-field-textual\" required=\"required\">\n\t\t\t\t\t\t\t\t\t\t\t<\/div>\n\t\t\t\t\t\t\t\t<div class=\"elementor-field-type-text elementor-field-group elementor-column elementor-field-group-field_e360225 elementor-col-33 elementor-field-required\">\n\t\t\t\t\t\t\t\t\t\t\t\t<label for=\"form-field-field_e360225\" class=\"elementor-field-label\">\n\t\t\t\t\t\t\t\tC\u00f3digo\t\t\t\t\t\t\t<\/label>\n\t\t\t\t\t\t\t\t\t\t\t\t\t\t<input size=\"1\" type=\"text\" name=\"form_fields[field_e360225]\" id=\"form-field-field_e360225\" class=\"elementor-field elementor-size-sm  elementor-field-textual\" required=\"required\">\n\t\t\t\t\t\t\t\t\t\t\t<\/div>\n\t\t\t\t\t\t\t\t<div class=\"elementor-field-type-checkbox elementor-field-group elementor-column elementor-field-group-field_d9819e5 elementor-col-100\">\n\t\t\t\t\t\t\t\t\t\t\t\t<label for=\"form-field-field_d9819e5\" class=\"elementor-field-label\">\n\t\t\t\t\t\t\t\t(Estos datos est\u00e1n en la hoja de garant\u00eda impresa que vino con tu mueble. Deber\u00e1n ser correctos para que la garant\u00eda sea V\u00e1lida)\t\t\t\t\t\t\t<\/label>\n\t\t\t\t\t\t<div class=\"elementor-field-subgroup\"><span class=\"elementor-field-option\"><input type=\"checkbox\" value=\"\" id=\"form-field-field_d9819e5-0\" name=\"form_fields[field_d9819e5]\"> <label for=\"form-field-field_d9819e5-0\"><\/label><\/span><\/div>\t\t\t\t<\/div>\n\t\t\t\t\t\t\t\t<div class=\"elementor-field-type-text elementor-field-group elementor-column elementor-field-group-name elementor-col-100 elementor-field-required\">\n\t\t\t\t\t\t\t\t\t\t\t\t<label for=\"form-field-name\" class=\"elementor-field-label\">\n\t\t\t\t\t\t\t\tName and surname\t\t\t\t\t\t\t<\/label>\n\t\t\t\t\t\t\t\t\t\t\t\t\t\t<input size=\"1\" type=\"text\" name=\"form_fields[name]\" id=\"form-field-name\" class=\"elementor-field elementor-size-sm  elementor-field-textual\" required=\"required\">\n\t\t\t\t\t\t\t\t\t\t\t<\/div>\n\t\t\t\t\t\t\t\t<div class=\"elementor-field-type-text elementor-field-group elementor-column elementor-field-group-field_52a5396 elementor-col-100 elementor-field-required\">\n\t\t\t\t\t\t\t\t\t\t\t\t<label for=\"form-field-field_52a5396\" class=\"elementor-field-label\">\n\t\t\t\t\t\t\t\tCity\t\t\t\t\t\t\t<\/label>\n\t\t\t\t\t\t\t\t\t\t\t\t\t\t<input size=\"1\" type=\"text\" name=\"form_fields[field_52a5396]\" id=\"form-field-field_52a5396\" class=\"elementor-field elementor-size-sm  elementor-field-textual\" required=\"required\">\n\t\t\t\t\t\t\t\t\t\t\t<\/div>\n\t\t\t\t\t\t\t\t<div class=\"elementor-field-type-text elementor-field-group elementor-column elementor-field-group-field_df29ffa elementor-col-100 elementor-field-required\">\n\t\t\t\t\t\t\t\t\t\t\t\t<label for=\"form-field-field_df29ffa\" class=\"elementor-field-label\">\n\t\t\t\t\t\t\t\tLocalidad\t\t\t\t\t\t\t<\/label>\n\t\t\t\t\t\t\t\t\t\t\t\t\t\t<input size=\"1\" type=\"text\" name=\"form_fields[field_df29ffa]\" id=\"form-field-field_df29ffa\" class=\"elementor-field elementor-size-sm  elementor-field-textual\" required=\"required\">\n\t\t\t\t\t\t\t\t\t\t\t<\/div>\n\t\t\t\t\t\t\t\t<div class=\"elementor-field-type-tel elementor-field-group elementor-column elementor-field-group-email elementor-col-100\">\n\t\t\t\t\t\t\t\t\t\t\t\t<label for=\"form-field-email\" class=\"elementor-field-label\">\n\t\t\t\t\t\t\t\tPhone\t\t\t\t\t\t\t<\/label>\n\t\t\t\t\t\t\t\t<input size=\"1\" type=\"tel\" name=\"form_fields[email]\" id=\"form-field-email\" class=\"elementor-field elementor-size-sm  elementor-field-textual\" pattern=\"[0-9()#&amp;+*-=.]+\" title=\"Only numbers and phone characters (#, -, *, etc) are accepted.\">\n\n\t\t\t\t\t\t<\/div>\n\t\t\t\t\t\t\t\t<div class=\"elementor-field-type-email elementor-field-group elementor-column elementor-field-group-field_8cf9349 elementor-col-100\">\n\t\t\t\t\t\t\t\t\t\t\t\t<label for=\"form-field-field_8cf9349\" class=\"elementor-field-label\">\n\t\t\t\t\t\t\t\tEmail\t\t\t\t\t\t\t<\/label>\n\t\t\t\t\t\t\t\t\t\t\t\t\t\t<input size=\"1\" type=\"email\" name=\"form_fields[field_8cf9349]\" id=\"form-field-field_8cf9349\" class=\"elementor-field elementor-size-sm  elementor-field-textual\">\n\t\t\t\t\t\t\t\t\t\t\t<\/div>\n\t\t\t\t\t\t\t\t<div class=\"elementor-field-type-date elementor-field-group elementor-column elementor-field-group-field_660b7e9 elementor-col-100 elementor-field-required\">\n\t\t\t\t\t\t\t\t\t\t\t\t<label for=\"form-field-field_660b7e9\" class=\"elementor-field-label\">\n\t\t\t\t\t\t\t\tFecha de compra\t\t\t\t\t\t\t<\/label>\n\t\t\t\t\t\t\n\t\t<input type=\"date\" name=\"form_fields[field_660b7e9]\" id=\"form-field-field_660b7e9\" class=\"elementor-field elementor-size-sm  elementor-field-textual elementor-date-field\" required=\"required\" pattern=\"[0-9]{4}-[0-9]{2}-[0-9]{2}\">\n\t\t\t\t\t\t<\/div>\n\t\t\t\t\t\t\t\t<div class=\"elementor-field-type-date elementor-field-group elementor-column elementor-field-group-field_bbe64c5 elementor-col-100 elementor-field-required\">\n\t\t\t\t\t\t\t\t\t\t\t\t<label for=\"form-field-field_bbe64c5\" class=\"elementor-field-label\">\n\t\t\t\t\t\t\t\tComercio donde adquiri\u00f3 el producto\t\t\t\t\t\t\t<\/label>\n\t\t\t\t\t\t\n\t\t<input type=\"date\" name=\"form_fields[field_bbe64c5]\" id=\"form-field-field_bbe64c5\" class=\"elementor-field elementor-size-sm  elementor-field-textual elementor-date-field\" required=\"required\" pattern=\"[0-9]{4}-[0-9]{2}-[0-9]{2}\">\n\t\t\t\t\t\t<\/div>\n\t\t\t\t\t\t\t\t<div class=\"elementor-field-type-recaptcha elementor-field-group elementor-column elementor-field-group-field_3363b57 elementor-col-100\">\n\t\t\t\t\t<div class=\"elementor-field\" id=\"form-field-field_3363b57\"><div class=\"elementor-g-recaptcha\" data-sitekey=\"6LdEUG4nAAAAACdXtt6PDsDdrIllZYFVOEXPfR-v\" data-type=\"v2_checkbox\" data-theme=\"light\" data-size=\"normal\"><\/div><\/div>\t\t\t\t<\/div>\n\t\t\t\t\t\t\t\t<div class=\"elementor-field-group elementor-column elementor-field-type-submit elementor-col-100 e-form__buttons\">\n\t\t\t\t\t<button class=\"elementor-button elementor-size-sm\" type=\"submit\">\n\t\t\t\t\t\t<span class=\"elementor-button-content-wrapper\">\n\t\t\t\t\t\t\t\t\t\t\t\t\t\t\t\t\t\t\t\t\t\t<span class=\"elementor-button-text\">Send<\/span>\n\t\t\t\t\t\t\t\t\t\t\t\t\t<\/span>\n\t\t\t\t\t<\/button>\n\t\t\t\t<\/div>\n\t\t\t<\/div>\n\t\t<input type=\"hidden\" name=\"trp-form-language\" value=\"en\"\/><\/form>\n\t\t\t\t\t\t<\/div>\n\t\t\t\t<\/div>\n\t\t\t\t<div class=\"elementor-element elementor-element-308af8b1 elementor-widget elementor-widget-spacer\" data-id=\"308af8b1\" data-element_type=\"widget\" data-widget_type=\"spacer.default\">\n\t\t\t\t<div class=\"elementor-widget-container\">\n\t\t\t\t\t\t\t<div class=\"elementor-spacer\">\n\t\t\t<div class=\"elementor-spacer-inner\"><\/div>\n\t\t<\/div>\n\t\t\t\t\t\t<\/div>\n\t\t\t\t<\/div>\n\t\t\t\t<div class=\"elementor-element elementor-element-5a34876 elementor-widget elementor-widget-spacer\" data-id=\"5a34876\" data-element_type=\"widget\" data-widget_type=\"spacer.default\">\n\t\t\t\t<div class=\"elementor-widget-container\">\n\t\t\t\t\t\t\t<div class=\"elementor-spacer\">\n\t\t\t<div class=\"elementor-spacer-inner\"><\/div>\n\t\t<\/div>\n\t\t\t\t\t\t<\/div>\n\t\t\t\t<\/div>\n\t\t\t\t\t<\/div>\n\t\t<\/div>\n\t\t\t\t\t<\/div>\n\t\t<\/section>\n\t\t\t\t<\/div>","protected":false},"excerpt":{"rendered":"<p>Active la garant\u00eda de su mueble. Lea atentamente el siguiente texto y luego complete el formulario. \u00a0 Apreciado Cliente, Le agradecemos su confianza al adquirir este producto Dielfe y esperamos que est\u00e9 satisfecho con su compra. En caso de que \u00e9ste producto presente alg\u00fan defecto de fabricaci\u00f3n en alguna de sus partes o piezas durante [&hellip;]<\/p>","protected":false},"author":2,"featured_media":0,"parent":0,"menu_order":0,"comment_status":"closed","ping_status":"closed","template":"","meta":{"_joinchat":[],"footnotes":""},"class_list":["post-76","page","type-page","status-publish","hentry"],"_links":{"self":[{"href":"https:\/\/dielfe.com.ar\/en\/wp-json\/wp\/v2\/pages\/76","targetHints":{"allow":["GET"]}}],"collection":[{"href":"https:\/\/dielfe.com.ar\/en\/wp-json\/wp\/v2\/pages"}],"about":[{"href":"https:\/\/dielfe.com.ar\/en\/wp-json\/wp\/v2\/types\/page"}],"author":[{"embeddable":true,"href":"https:\/\/dielfe.com.ar\/en\/wp-json\/wp\/v2\/users\/2"}],"replies":[{"embeddable":true,"href":"https:\/\/dielfe.com.ar\/en\/wp-json\/wp\/v2\/comments?post=76"}],"version-history":[{"count":24,"href":"https:\/\/dielfe.com.ar\/en\/wp-json\/wp\/v2\/pages\/76\/revisions"}],"predecessor-version":[{"id":9910,"href":"https:\/\/dielfe.com.ar\/en\/wp-json\/wp\/v2\/pages\/76\/revisions\/9910"}],"wp:attachment":[{"href":"https:\/\/dielfe.com.ar\/en\/wp-json\/wp\/v2\/media?parent=76"}],"curies":[{"name":"wp","href":"https:\/\/api.w.org\/{rel}","templated":true}]}}